{"id":9057,"date":"2022-08-01T21:59:23","date_gmt":"2022-08-01T19:59:23","guid":{"rendered":"https:\/\/www.hjs-engineering.de\/impressum\/"},"modified":"2022-11-15T18:42:46","modified_gmt":"2022-11-15T17:42:46","slug":"impressum","status":"publish","type":"page","link":"https:\/\/www.hjs-engineering.de\/en\/impressum\/","title":{"rendered":"Imprint"},"content":{"rendered":"\t\t<div data-elementor-type=\"wp-page\" data-elementor-id=\"9057\" class=\"elementor elementor-9057 elementor-7280\">\n\t\t\t\t\t\t<section class=\"elementor-section elementor-top-section elementor-element elementor-element-bca3e18 elementor-section-boxed elementor-section-height-default elementor-section-height-default rt-parallax-bg-no\" data-id=\"bca3e18\" data-element_type=\"section\">\n\t\t\t\t\t\t<div class=\"elementor-container elementor-column-gap-default\">\n\t\t\t\t\t<div class=\"elementor-column elementor-col-100 elementor-top-column elementor-element elementor-element-e84fcde\" data-id=\"e84fcde\" data-element_type=\"column\">\n\t\t\t<div class=\"elementor-widget-wrap elementor-element-populated\">\n\t\t\t\t\t\t<div class=\"elementor-element elementor-element-ccb468f elementor-widget elementor-widget-text-editor\" data-id=\"ccb468f\" data-element_type=\"widget\" data-widget_type=\"text-editor.default\">\n\t\t\t\t<div class=\"elementor-widget-container\">\n\t\t\t<style>\/*! elementor - v3.19.0 - 07-02-2024 *\/\n.elementor-widget-text-editor.elementor-drop-cap-view-stacked .elementor-drop-cap{background-color:#69727d;color:#fff}.elementor-widget-text-editor.elementor-drop-cap-view-framed .elementor-drop-cap{color:#69727d;border:3px solid;background-color:transparent}.elementor-widget-text-editor:not(.elementor-drop-cap-view-default) .elementor-drop-cap{margin-top:8px}.elementor-widget-text-editor:not(.elementor-drop-cap-view-default) .elementor-drop-cap-letter{width:1em;height:1em}.elementor-widget-text-editor .elementor-drop-cap{float:left;text-align:center;line-height:1;font-size:50px}.elementor-widget-text-editor .elementor-drop-cap-letter{display:inline-block}<\/style>\t\t\t\t<h2>Angaben gem\u00e4\u00df \u00a7 5 TMG<\/h2><p>Hans-J. Schwagerus<br \/>HJS-Engineering<br \/>Ingenieurb\u00fcro f\u00fcr Mess- und Pr\u00fcftechnik<br \/>Weserstr. 9<br \/>36341 Lauterbach<\/p><h2>Kontakt<\/h2><p>Telefon: +49 (0) 6641-645518<br \/>E-Mail: info@hjs-engineering.de<\/p><h2>Umsatzsteuer-ID<\/h2><p>Umsatzsteuer-Identifikationsnummer gem\u00e4\u00df \u00a7 27 a Umsatzsteuergesetz:<br \/>DE231435971<\/p><h2>Redaktionell verantwortlich<\/h2><p>HJS-Engineering <br \/>vertreten durch Hans-J. Schwagerus<br \/>Weserstr. 9<br \/>36341 Lauterbach<\/p><h2>EU-Streitschlichtung<\/h2><p>Die Europ\u00e4ische Kommission stellt eine Plattform zur Online-Streitbeilegung (OS) bereit: <a href=\"https:\/\/ec.europa.eu\/consumers\/odr\/\" target=\"_blank\" rel=\"noopener noreferrer\">https:\/\/ec.europa.eu\/consumers\/odr\/<\/a>.<br \/>Unsere E-Mail-Adresse finden Sie oben im Impressum.<\/p><h2>Verbraucher\u00adstreit\u00adbeilegung\/Universal\u00adschlichtungs\u00adstelle<\/h2><p>Wir sind nicht bereit oder verpflichtet, an Streitbeilegungsverfahren vor einer Verbraucherschlichtungsstelle teilzunehmen.<\/p><p>Quelle: <a href=\"https:\/\/www.e-recht24.de\/impressum-generator.html\">https:\/\/www.e-recht24.de\/impressum-generator.html<\/a><\/p><h2>Design &amp; technical implementation<\/h2><p>EverHype Systems GbR<br \/>Goethestra\u00dfe 15<br \/>36043 Fulda<\/p><p>Represented by:<br \/>Adrijan Bajrami &amp; Moonis Rana<\/p><p>Website: everhype.de<br \/>E-Mail: kontakt@everhype.de<br \/>Phone: +49 661 96254860<\/p>\t\t\t\t\t\t<\/div>\n\t\t\t\t<\/div>\n\t\t\t\t\t<\/div>\n\t\t<\/div>\n\t\t\t\t\t<\/div>\n\t\t<\/section>\n\t\t\t\t<\/div>\n\t\t","protected":false},"excerpt":{"rendered":"<p>Angaben gem\u00e4\u00df \u00a7 5 TMG Hans-J. SchwagerusHJS-EngineeringIngenieurb\u00fcro f\u00fcr Mess- und Pr\u00fcftechnikWeserstr. 936341 Lauterbach Kontakt Telefon: +49 (0) 6641-645518E-Mail: info@hjs-engineering.de Umsatzsteuer-ID Umsatzsteuer-Identifikationsnummer gem\u00e4\u00df \u00a7 27 a Umsatzsteuergesetz:DE231435971 Redaktionell verantwortlich HJS-Engineering vertreten durch Hans-J. SchwagerusWeserstr. 936341 Lauterbach EU-Streitschlichtung Die Europ\u00e4ische Kommission stellt eine Plattform zur Online-Streitbeilegung (OS) bereit: https:\/\/ec.europa.eu\/consumers\/odr\/.Unsere E-Mail-Adresse finden Sie oben im Impressum. Verbraucher\u00adstreit\u00adbeilegung\/Universal\u00adschlichtungs\u00adstelle Wir [&hellip;]<\/p>\n","protected":false},"author":1,"featured_media":0,"parent":0,"menu_order":0,"comment_status":"closed","ping_status":"closed","template":"","meta":{"footnotes":""},"class_list":["post-9057","page","type-page","status-publish","hentry"],"_links":{"self":[{"href":"https:\/\/www.hjs-engineering.de\/en\/wp-json\/wp\/v2\/pages\/9057","targetHints":{"allow":["GET"]}}],"collection":[{"href":"https:\/\/www.hjs-engineering.de\/en\/wp-json\/wp\/v2\/pages"}],"about":[{"href":"https:\/\/www.hjs-engineering.de\/en\/wp-json\/wp\/v2\/types\/page"}],"author":[{"embeddable":true,"href":"https:\/\/www.hjs-engineering.de\/en\/wp-json\/wp\/v2\/users\/1"}],"replies":[{"embeddable":true,"href":"https:\/\/www.hjs-engineering.de\/en\/wp-json\/wp\/v2\/comments?post=9057"}],"version-history":[{"count":7,"href":"https:\/\/www.hjs-engineering.de\/en\/wp-json\/wp\/v2\/pages\/9057\/revisions"}],"predecessor-version":[{"id":9395,"href":"https:\/\/www.hjs-engineering.de\/en\/wp-json\/wp\/v2\/pages\/9057\/revisions\/9395"}],"wp:attachment":[{"href":"https:\/\/www.hjs-engineering.de\/en\/wp-json\/wp\/v2\/media?parent=9057"}],"curies":[{"name":"wp","href":"https:\/\/api.w.org\/{rel}","templated":true}]}}